{"id":45,"date":"2025-11-26T14:13:35","date_gmt":"2025-11-26T14:13:35","guid":{"rendered":"https:\/\/locationavendre.com\/?page_id=45"},"modified":"2025-12-01T17:23:02","modified_gmt":"2025-12-01T17:23:02","slug":"home","status":"publish","type":"page","link":"https:\/\/locationavendre.com\/","title":{"rendered":"Home"},"content":{"rendered":"\t\t<div data-elementor-type=\"wp-page\" data-elementor-id=\"45\" class=\"elementor elementor-45\" data-elementor-post-type=\"page\">\n\t\t\t\t<div class=\"elementor-element elementor-element-c898cb3 e-flex e-con-boxed e-con e-parent\" data-id=\"c898cb3\" data-element_type=\"container\" data-settings=\"{&quot;background_background&quot;:&quot;classic&quot;}\">\n\t\t\t\t\t<div class=\"e-con-inner\">\n\t\t<div class=\"elementor-element elementor-element-cfd7e3b e-con-full e-flex e-con e-child\" data-id=\"cfd7e3b\" data-element_type=\"container\" data-settings=\"{&quot;background_background&quot;:&quot;classic&quot;}\">\n\t\t<div class=\"elementor-element elementor-element-591f863 e-con-full e-flex e-con e-child\" data-id=\"591f863\" data-element_type=\"container\">\n\t\t\t\t<div class=\"elementor-element elementor-element-de26237 elementor-widget elementor-widget-image\" data-id=\"de26237\" data-element_type=\"widget\" data-widget_type=\"image.default\">\n\t\t\t\t\t\t\t\t\t\t\t\t\t\t\t<img fetchpriority=\"high\" decoding=\"async\" width=\"500\" height=\"500\" src=\"http:\/\/locationavendre.com\/wp-content\/uploads\/2025\/11\/LOGO-CHAISE-WWW-marine-bold2-2.png\" class=\"attachment-large size-large wp-image-242\" alt=\"\" srcset=\"http:\/\/locationavendre.com\/wp-content\/uploads\/2025\/11\/LOGO-CHAISE-WWW-marine-bold2-2.png 500w, http:\/\/locationavendre.com\/wp-content\/uploads\/2025\/11\/LOGO-CHAISE-WWW-marine-bold2-2-300x300.png 300w, http:\/\/locationavendre.com\/wp-content\/uploads\/2025\/11\/LOGO-CHAISE-WWW-marine-bold2-2-150x150.png 150w\" sizes=\"(max-width: 500px) 100vw, 500px\" \/>\t\t\t\t\t\t\t\t\t\t\t\t\t\t\t<\/div>\n\t\t\t\t<\/div>\n\t\t<div class=\"elementor-element elementor-element-ff27b53 e-con-full elementor-hidden-mobile e-flex e-con e-child\" data-id=\"ff27b53\" data-element_type=\"container\">\n\t\t\t\t<div class=\"elementor-element elementor-element-4283173 elementor-widget elementor-widget-text-editor\" data-id=\"4283173\" data-element_type=\"widget\" data-widget_type=\"text-editor.default\">\n\t\t\t\t\t\t\t\t\t<p>Location<span style=\"color: #3588ff;\"> A Vendre<\/span><\/p>\t\t\t\t\t\t\t\t<\/div>\n\t\t\t\t<\/div>\n\t\t<div class=\"elementor-element elementor-element-6a22a77 e-con-full e-flex e-con e-child\" data-id=\"6a22a77\" data-element_type=\"container\">\n\t\t\t\t<div class=\"elementor-element elementor-element-adb2654 elementor-align-right elementor-mobile-align-right elementor-widget elementor-widget-button\" data-id=\"adb2654\" data-element_type=\"widget\" data-widget_type=\"button.default\">\n\t\t\t\t\t\t\t\t\t\t<a class=\"elementor-button elementor-button-link elementor-size-sm\" href=\"#elementor-action%3Aaction%3Dpopup%3Aopen%26settings%3DeyJpZCI6Ijk2IiwidG9nZ2xlIjpmYWxzZX0%3D\">\n\t\t\t\t\t\t<span class=\"elementor-button-content-wrapper\">\n\t\t\t\t\t\t<span class=\"elementor-button-icon\">\n\t\t\t\t<i aria-hidden=\"true\" class=\"icons icon-envelope\"><\/i>\t\t\t<\/span>\n\t\t\t\t\t\t\t\t\t<span class=\"elementor-button-text\">Contactez-nous<\/span>\n\t\t\t\t\t<\/span>\n\t\t\t\t\t<\/a>\n\t\t\t\t\t\t\t\t<\/div>\n\t\t\t\t<\/div>\n\t\t\t\t<\/div>\n\t\t\t\t\t<\/div>\n\t\t\t\t<\/div>\n\t\t<div class=\"elementor-element elementor-element-cedc748 e-con-full e-flex e-con e-parent\" data-id=\"cedc748\" data-element_type=\"container\" data-settings=\"{&quot;background_background&quot;:&quot;classic&quot;}\">\n\t\t<div class=\"elementor-element elementor-element-87211d2 e-con-full elementor-hidden-mobile e-flex e-con e-child\" data-id=\"87211d2\" data-element_type=\"container\">\n\t\t\t\t<\/div>\n\t\t\t\t<\/div>\n\t\t<div class=\"elementor-element elementor-element-737954b e-flex e-con-boxed e-con e-parent\" data-id=\"737954b\" data-element_type=\"container\" data-settings=\"{&quot;background_background&quot;:&quot;classic&quot;}\">\n\t\t\t\t\t<div class=\"e-con-inner\">\n\t\t<div class=\"elementor-element elementor-element-092ef8a e-con-full e-flex e-con e-child\" data-id=\"092ef8a\" data-element_type=\"container\">\n\t\t\t\t<div class=\"elementor-element elementor-element-2bdbe47 elementor-view-stacked elementor-shape-circle elementor-widget elementor-widget-icon\" data-id=\"2bdbe47\" data-element_type=\"widget\" data-widget_type=\"icon.default\">\n\t\t\t\t\t\t\t<div class=\"elementor-icon-wrapper\">\n\t\t\t<div class=\"elementor-icon\">\n\t\t\t<i aria-hidden=\"true\" class=\"icofont icofont-wall\"><\/i>\t\t\t<\/div>\n\t\t<\/div>\n\t\t\t\t\t\t<\/div>\n\t\t\t\t<div class=\"elementor-element elementor-element-7215245 elementor-widget elementor-widget-heading\" data-id=\"7215245\" data-element_type=\"widget\" data-widget_type=\"heading.default\">\n\t\t\t\t\t<h2 class=\"elementor-heading-title elementor-size-default\">Murs &amp; Fonds de commerce<\/h2>\t\t\t\t<\/div>\n\t\t\t\t<\/div>\n\t\t<div class=\"elementor-element elementor-element-c859417 e-con-full e-flex e-con e-child\" data-id=\"c859417\" data-element_type=\"container\">\n\t\t\t\t<div class=\"elementor-element elementor-element-221d2ef elementor-view-stacked elementor-shape-circle elementor-widget elementor-widget-icon\" data-id=\"221d2ef\" data-element_type=\"widget\" data-widget_type=\"icon.default\">\n\t\t\t\t\t\t\t<div class=\"elementor-icon-wrapper\">\n\t\t\t<div class=\"elementor-icon\">\n\t\t\t<i aria-hidden=\"true\" class=\"mdi mdi-wallet-travel\"><\/i>\t\t\t<\/div>\n\t\t<\/div>\n\t\t\t\t\t\t<\/div>\n\t\t\t\t<div class=\"elementor-element elementor-element-d82e0e6 elementor-widget elementor-widget-heading\" data-id=\"d82e0e6\" data-element_type=\"widget\" data-widget_type=\"heading.default\">\n\t\t\t\t\t<h2 class=\"elementor-heading-title elementor-size-default\">Bureaux &amp; Entrep\u00f4ts<\/h2>\t\t\t\t<\/div>\n\t\t\t\t<\/div>\n\t\t<div class=\"elementor-element elementor-element-5839b43 e-con-full e-flex e-con e-child\" data-id=\"5839b43\" data-element_type=\"container\">\n\t\t\t\t<div class=\"elementor-element elementor-element-e24d745 elementor-view-stacked elementor-shape-circle elementor-widget elementor-widget-icon\" data-id=\"e24d745\" data-element_type=\"widget\" data-widget_type=\"icon.default\">\n\t\t\t\t\t\t\t<div class=\"elementor-icon-wrapper\">\n\t\t\t<div class=\"elementor-icon\">\n\t\t\t<i aria-hidden=\"true\" class=\" icon_building\"><\/i>\t\t\t<\/div>\n\t\t<\/div>\n\t\t\t\t\t\t<\/div>\n\t\t\t\t<div class=\"elementor-element elementor-element-15ecf15 elementor-widget elementor-widget-heading\" data-id=\"15ecf15\" data-element_type=\"widget\" data-widget_type=\"heading.default\">\n\t\t\t\t\t<h2 class=\"elementor-heading-title elementor-size-default\">H\u00f4tels &amp; Immeubles<\/h2>\t\t\t\t<\/div>\n\t\t\t\t<\/div>\n\t\t\t\t\t<\/div>\n\t\t\t\t<\/div>\n\t\t<div class=\"elementor-element elementor-element-eb9477c e-flex e-con-boxed e-con e-parent\" data-id=\"eb9477c\" data-element_type=\"container\" data-settings=\"{&quot;background_background&quot;:&quot;classic&quot;}\">\n\t\t\t\t\t<div class=\"e-con-inner\">\n\t\t<div class=\"elementor-element elementor-element-210b7ca e-con-full e-flex e-con e-child\" data-id=\"210b7ca\" data-element_type=\"container\">\n\t\t\t\t<div class=\"elementor-element elementor-element-4ccbbb4 elementor-widget elementor-widget-image\" data-id=\"4ccbbb4\" data-element_type=\"widget\" data-widget_type=\"image.default\">\n\t\t\t\t\t\t\t\t\t\t\t\t\t\t\t<img decoding=\"async\" width=\"500\" height=\"500\" src=\"http:\/\/locationavendre.com\/wp-content\/uploads\/2025\/11\/LOGO-CHAISE-WWW-marine-bold.png\" class=\"attachment-large size-large wp-image-153\" alt=\"\" srcset=\"http:\/\/locationavendre.com\/wp-content\/uploads\/2025\/11\/LOGO-CHAISE-WWW-marine-bold.png 500w, http:\/\/locationavendre.com\/wp-content\/uploads\/2025\/11\/LOGO-CHAISE-WWW-marine-bold-300x300.png 300w, http:\/\/locationavendre.com\/wp-content\/uploads\/2025\/11\/LOGO-CHAISE-WWW-marine-bold-150x150.png 150w\" sizes=\"(max-width: 500px) 100vw, 500px\" \/>\t\t\t\t\t\t\t\t\t\t\t\t\t\t\t<\/div>\n\t\t\t\t<div class=\"elementor-element elementor-element-8bb85b1 e-grid-align-left elementor-shape-rounded elementor-grid-0 elementor-widget elementor-widget-social-icons\" data-id=\"8bb85b1\" data-element_type=\"widget\" data-widget_type=\"social-icons.default\">\n\t\t\t\t\t\t\t<div class=\"elementor-social-icons-wrapper elementor-grid\" role=\"list\">\n\t\t\t\t\t\t\t<span class=\"elementor-grid-item\" role=\"listitem\">\n\t\t\t\t\t<a class=\"elementor-icon elementor-social-icon elementor-social-icon-icon-social-facebook elementor-repeater-item-a5c27d8\" target=\"_blank\">\n\t\t\t\t\t\t<span class=\"elementor-screen-only\">Icon-social-facebook<\/span>\n\t\t\t\t\t\t<i aria-hidden=\"true\" class=\"icons icon-social-facebook\"><\/i>\t\t\t\t\t<\/a>\n\t\t\t\t<\/span>\n\t\t\t\t\t\t\t<span class=\"elementor-grid-item\" role=\"listitem\">\n\t\t\t\t\t<a class=\"elementor-icon elementor-social-icon elementor-social-icon-icon-social-linkedin elementor-repeater-item-6268bc9\" target=\"_blank\">\n\t\t\t\t\t\t<span class=\"elementor-screen-only\">Icon-social-linkedin<\/span>\n\t\t\t\t\t\t<i aria-hidden=\"true\" class=\"icons icon-social-linkedin\"><\/i>\t\t\t\t\t<\/a>\n\t\t\t\t<\/span>\n\t\t\t\t\t\t\t<span class=\"elementor-grid-item\" role=\"listitem\">\n\t\t\t\t\t<a class=\"elementor-icon elementor-social-icon elementor-social-icon-icon-social-instagram elementor-repeater-item-67f7974\" target=\"_blank\">\n\t\t\t\t\t\t<span class=\"elementor-screen-only\">Icon-social-instagram<\/span>\n\t\t\t\t\t\t<i aria-hidden=\"true\" class=\"icons icon-social-instagram\"><\/i>\t\t\t\t\t<\/a>\n\t\t\t\t<\/span>\n\t\t\t\t\t<\/div>\n\t\t\t\t\t\t<\/div>\n\t\t\t\t<\/div>\n\t\t<div class=\"elementor-element elementor-element-9fde544 e-con-full e-flex e-con e-child\" data-id=\"9fde544\" data-element_type=\"container\">\n\t\t\t\t<div class=\"elementor-element elementor-element-2fcfce7 elementor-widget elementor-widget-heading\" data-id=\"2fcfce7\" data-element_type=\"widget\" data-widget_type=\"heading.default\">\n\t\t\t\t\t<h2 class=\"elementor-heading-title elementor-size-default\">L\u00e9gal<\/h2>\t\t\t\t<\/div>\n\t\t\t\t<div class=\"elementor-element elementor-element-ebe12eb elementor-icon-list--layout-traditional elementor-list-item-link-full_width elementor-widget elementor-widget-icon-list\" data-id=\"ebe12eb\" data-element_type=\"widget\" data-widget_type=\"icon-list.default\">\n\t\t\t\t\t\t\t<ul class=\"elementor-icon-list-items\">\n\t\t\t\t\t\t\t<li class=\"elementor-icon-list-item\">\n\t\t\t\t\t\t\t\t\t\t<span class=\"elementor-icon-list-text\">Mentions L\u00e9gales<\/span>\n\t\t\t\t\t\t\t\t\t<\/li>\n\t\t\t\t\t\t\t\t<li class=\"elementor-icon-list-item\">\n\t\t\t\t\t\t\t\t\t\t<span class=\"elementor-icon-list-text\">Politique de Confidentialit\u00e9<\/span>\n\t\t\t\t\t\t\t\t\t<\/li>\n\t\t\t\t\t\t<\/ul>\n\t\t\t\t\t\t<\/div>\n\t\t\t\t<\/div>\n\t\t<div class=\"elementor-element elementor-element-3720b5e e-con-full e-flex e-con e-child\" data-id=\"3720b5e\" data-element_type=\"container\">\n\t\t\t\t<div class=\"elementor-element elementor-element-cb92b5d elementor-widget elementor-widget-heading\" data-id=\"cb92b5d\" data-element_type=\"widget\" data-widget_type=\"heading.default\">\n\t\t\t\t\t<h2 class=\"elementor-heading-title elementor-size-default\">Contact<\/h2>\t\t\t\t<\/div>\n\t\t\t\t<div class=\"elementor-element elementor-element-db8ddb5 elementor-icon-list--layout-traditional elementor-list-item-link-full_width elementor-widget elementor-widget-icon-list\" data-id=\"db8ddb5\" data-element_type=\"widget\" data-widget_type=\"icon-list.default\">\n\t\t\t\t\t\t\t<ul class=\"elementor-icon-list-items\">\n\t\t\t\t\t\t\t<li class=\"elementor-icon-list-item\">\n\t\t\t\t\t\t\t\t\t\t\t<span class=\"elementor-icon-list-icon\">\n\t\t\t\t\t\t\t<i aria-hidden=\"true\" class=\"mdi mdi-map-marker-multiple-outline\"><\/i>\t\t\t\t\t\t<\/span>\n\t\t\t\t\t\t\t\t\t\t<span class=\"elementor-icon-list-text\">c\/o Dc Conseil, 170 Boulevard Malesherbes, 75017 Paris<\/span>\n\t\t\t\t\t\t\t\t\t<\/li>\n\t\t\t\t\t\t\t\t<li class=\"elementor-icon-list-item\">\n\t\t\t\t\t\t\t\t\t\t\t<span class=\"elementor-icon-list-icon\">\n\t\t\t\t\t\t\t<i aria-hidden=\"true\" class=\"icons icon-envelope\"><\/i>\t\t\t\t\t\t<\/span>\n\t\t\t\t\t\t\t\t\t\t<span class=\"elementor-icon-list-text\">contact@locationavendre.com<\/span>\n\t\t\t\t\t\t\t\t\t<\/li>\n\t\t\t\t\t\t<\/ul>\n\t\t\t\t\t\t<\/div>\n\t\t\t\t<\/div>\n\t\t\t\t\t<\/div>\n\t\t\t\t<\/div>\n\t\t<div class=\"elementor-element elementor-element-936269e e-flex e-con-boxed e-con e-parent\" data-id=\"936269e\" data-element_type=\"container\" data-settings=\"{&quot;background_background&quot;:&quot;classic&quot;,&quot;background_motion_fx_motion_fx_scrolling&quot;:&quot;yes&quot;,&quot;background_motion_fx_devices&quot;:[&quot;desktop&quot;,&quot;tablet&quot;,&quot;mobile&quot;]}\">\n\t\t\t\t\t<div class=\"e-con-inner\">\n\t\t\t\t<div class=\"elementor-element elementor-element-6f1558a elementor-widget elementor-widget-text-editor\" data-id=\"6f1558a\" data-element_type=\"widget\" data-widget_type=\"text-editor.default\">\n\t\t\t\t\t\t\t\t\t<p>\u00a9 2025 Location A Vendre. Tous droits r\u00e9serv\u00e9s.<\/p>\t\t\t\t\t\t\t\t<\/div>\n\t\t\t\t\t<\/div>\n\t\t\t\t<\/div>\n\t\t\t\t<\/div>\n\t\t","protected":false},"excerpt":{"rendered":"<p>Location A Vendre Contactez-nous Murs &amp; Fonds de commerce Bureaux &amp; Entrep\u00f4ts H\u00f4tels &amp; Immeubles Icon-social-facebook Icon-social-linkedin Icon-social-instagram L\u00e9gal Mentions L\u00e9gales Politique de Confidentialit\u00e9 Contact c\/o Dc Conseil, 170 Boulevard Malesherbes, 75017 Paris contact@locationavendre.com \u00a9 2025 Location A Vendre. Tous droits r\u00e9serv\u00e9s.<\/p>\n","protected":false},"author":1,"featured_media":0,"parent":0,"menu_order":0,"comment_status":"closed","ping_status":"closed","template":"elementor_canvas","meta":{"footnotes":""},"class_list":["post-45","page","type-page","status-publish","hentry"],"_links":{"self":[{"href":"https:\/\/locationavendre.com\/index.php\/wp-json\/wp\/v2\/pages\/45","targetHints":{"allow":["GET"]}}],"collection":[{"href":"https:\/\/locationavendre.com\/index.php\/wp-json\/wp\/v2\/pages"}],"about":[{"href":"https:\/\/locationavendre.com\/index.php\/wp-json\/wp\/v2\/types\/page"}],"author":[{"embeddable":true,"href":"https:\/\/locationavendre.com\/index.php\/wp-json\/wp\/v2\/users\/1"}],"replies":[{"embeddable":true,"href":"https:\/\/locationavendre.com\/index.php\/wp-json\/wp\/v2\/comments?post=45"}],"version-history":[{"count":331,"href":"https:\/\/locationavendre.com\/index.php\/wp-json\/wp\/v2\/pages\/45\/revisions"}],"predecessor-version":[{"id":419,"href":"https:\/\/locationavendre.com\/index.php\/wp-json\/wp\/v2\/pages\/45\/revisions\/419"}],"wp:attachment":[{"href":"https:\/\/locationavendre.com\/index.php\/wp-json\/wp\/v2\/media?parent=45"}],"curies":[{"name":"wp","href":"https:\/\/api.w.org\/{rel}","templated":true}]}}